{"id":1513,"date":"2021-11-09T14:55:07","date_gmt":"2021-11-09T14:55:07","guid":{"rendered":"https:\/\/veracflats.com\/sobre-nos\/"},"modified":"2021-11-18T10:45:22","modified_gmt":"2021-11-18T10:45:22","slug":"sobre-nos","status":"publish","type":"page","link":"https:\/\/veracflats.com\/pt-pt\/sobre-nos\/","title":{"rendered":"Sobre N\u00f3s"},"content":{"rendered":"","protected":false},"excerpt":{"rendered":"","protected":false},"author":1,"featured_media":1438,"parent":0,"menu_order":0,"comment_status":"closed","ping_status":"closed","template":"template-about-us.php","meta":{"_acf_changed":false,"inline_featured_image":false,"footnotes":""},"acf":[],"yoast_head":"<!-- This site is optimized with the Yoast SEO plugin v23.3 - https:\/\/yoast.com\/wordpress\/plugins\/seo\/ -->\n<title>Sobre N\u00f3s | Apartamentos de Neg\u00f3cios | Verac Flats<\/title>\n<meta name=\"description\" content=\"Experimente os nossos apartamentos de neg\u00f3cios com todo o conforto moderno. Apartamentos confort\u00e1veis e com manuten\u00e7\u00e3o perfeita. Reserve online ou contacte-nos agora.\" \/>\n<meta name=\"robots\" content=\"index, follow, max-snippet:-1, max-image-preview:large, max-video-preview:-1\" \/>\n<link rel=\"canonical\" href=\"https:\/\/veracflats.com\/about-us\/\" \/>\n<meta property=\"og:locale\" content=\"pt_PT\" \/>\n<meta property=\"og:type\" content=\"article\" \/>\n<meta property=\"og:title\" content=\"Sobre N\u00f3s | Apartamentos de Neg\u00f3cios | Verac Flats\" \/>\n<meta property=\"og:description\" content=\"Experimente os nossos apartamentos de neg\u00f3cios com todo o conforto moderno. Apartamentos confort\u00e1veis e com manuten\u00e7\u00e3o perfeita. Reserve online ou contacte-nos agora.\" \/>\n<meta property=\"og:url\" content=\"https:\/\/veracflats.com\/about-us\/\" \/>\n<meta property=\"og:site_name\" content=\"Verac Flats\" \/>\n<meta property=\"article:modified_time\" content=\"2021-11-18T10:45:22+00:00\" \/>\n<meta property=\"og:image\" content=\"https:\/\/veracflats.com\/wp-content\/uploads\/2020\/11\/AboutUs.jpg\" \/>\n\t<meta property=\"og:image:width\" content=\"2732\" \/>\n\t<meta property=\"og:image:height\" content=\"1100\" \/>\n\t<meta property=\"og:image:type\" content=\"image\/jpeg\" \/>\n<meta name=\"twitter:card\" content=\"summary_large_image\" \/>\n<script type=\"application\/ld+json\" class=\"yoast-schema-graph\">{\"@context\":\"https:\/\/schema.org\",\"@graph\":[{\"@type\":\"WebPage\",\"@id\":\"https:\/\/veracflats.com\/about-us\/\",\"url\":\"https:\/\/veracflats.com\/about-us\/\",\"name\":\"Sobre N\u00f3s | Apartamentos de Neg\u00f3cios | Verac Flats\",\"isPartOf\":{\"@id\":\"https:\/\/veracflats.com\/#website\"},\"primaryImageOfPage\":{\"@id\":\"https:\/\/veracflats.com\/about-us\/#primaryimage\"},\"image\":{\"@id\":\"https:\/\/veracflats.com\/about-us\/#primaryimage\"},\"thumbnailUrl\":\"https:\/\/veracflats.com\/wp-content\/uploads\/2020\/11\/AboutUs.jpg\",\"datePublished\":\"2021-11-09T14:55:07+00:00\",\"dateModified\":\"2021-11-18T10:45:22+00:00\",\"description\":\"Experimente os nossos apartamentos de neg\u00f3cios com todo o conforto moderno. Apartamentos confort\u00e1veis e com manuten\u00e7\u00e3o perfeita. Reserve online ou contacte-nos agora.\",\"breadcrumb\":{\"@id\":\"https:\/\/veracflats.com\/about-us\/#breadcrumb\"},\"inLanguage\":\"pt-PT\",\"potentialAction\":[{\"@type\":\"ReadAction\",\"target\":[\"https:\/\/veracflats.com\/about-us\/\"]}]},{\"@type\":\"ImageObject\",\"inLanguage\":\"pt-PT\",\"@id\":\"https:\/\/veracflats.com\/about-us\/#primaryimage\",\"url\":\"https:\/\/veracflats.com\/wp-content\/uploads\/2020\/11\/AboutUs.jpg\",\"contentUrl\":\"https:\/\/veracflats.com\/wp-content\/uploads\/2020\/11\/AboutUs.jpg\",\"width\":2732,\"height\":1100},{\"@type\":\"BreadcrumbList\",\"@id\":\"https:\/\/veracflats.com\/about-us\/#breadcrumb\",\"itemListElement\":[{\"@type\":\"ListItem\",\"position\":1,\"name\":\"Home\",\"item\":\"https:\/\/veracflats.com\/\"},{\"@type\":\"ListItem\",\"position\":2,\"name\":\"Sobre N\u00f3s\"}]},{\"@type\":\"WebSite\",\"@id\":\"https:\/\/veracflats.com\/#website\",\"url\":\"https:\/\/veracflats.com\/\",\"name\":\"Verac Flats\",\"description\":\"Business flats close to Brussels Airport\",\"potentialAction\":[{\"@type\":\"SearchAction\",\"target\":{\"@type\":\"EntryPoint\",\"urlTemplate\":\"https:\/\/veracflats.com\/?s={search_term_string}\"},\"query-input\":\"required name=search_term_string\"}],\"inLanguage\":\"pt-PT\"}]}<\/script>\n<!-- \/ Yoast SEO plugin. -->","yoast_head_json":{"title":"Sobre N\u00f3s | Apartamentos de Neg\u00f3cios | Verac Flats","description":"Experimente os nossos apartamentos de neg\u00f3cios com todo o conforto moderno. Apartamentos confort\u00e1veis e com manuten\u00e7\u00e3o perfeita. Reserve online ou contacte-nos agora.","robots":{"index":"index","follow":"follow","max-snippet":"max-snippet:-1","max-image-preview":"max-image-preview:large","max-video-preview":"max-video-preview:-1"},"canonical":"https:\/\/veracflats.com\/about-us\/","og_locale":"pt_PT","og_type":"article","og_title":"Sobre N\u00f3s | Apartamentos de Neg\u00f3cios | Verac Flats","og_description":"Experimente os nossos apartamentos de neg\u00f3cios com todo o conforto moderno. Apartamentos confort\u00e1veis e com manuten\u00e7\u00e3o perfeita. Reserve online ou contacte-nos agora.","og_url":"https:\/\/veracflats.com\/about-us\/","og_site_name":"Verac Flats","article_modified_time":"2021-11-18T10:45:22+00:00","og_image":[{"width":2732,"height":1100,"url":"https:\/\/veracflats.com\/wp-content\/uploads\/2020\/11\/AboutUs.jpg","type":"image\/jpeg"}],"twitter_card":"summary_large_image","schema":{"@context":"https:\/\/schema.org","@graph":[{"@type":"WebPage","@id":"https:\/\/veracflats.com\/about-us\/","url":"https:\/\/veracflats.com\/about-us\/","name":"Sobre N\u00f3s | Apartamentos de Neg\u00f3cios | Verac Flats","isPartOf":{"@id":"https:\/\/veracflats.com\/#website"},"primaryImageOfPage":{"@id":"https:\/\/veracflats.com\/about-us\/#primaryimage"},"image":{"@id":"https:\/\/veracflats.com\/about-us\/#primaryimage"},"thumbnailUrl":"https:\/\/veracflats.com\/wp-content\/uploads\/2020\/11\/AboutUs.jpg","datePublished":"2021-11-09T14:55:07+00:00","dateModified":"2021-11-18T10:45:22+00:00","description":"Experimente os nossos apartamentos de neg\u00f3cios com todo o conforto moderno. Apartamentos confort\u00e1veis e com manuten\u00e7\u00e3o perfeita. Reserve online ou contacte-nos agora.","breadcrumb":{"@id":"https:\/\/veracflats.com\/about-us\/#breadcrumb"},"inLanguage":"pt-PT","potentialAction":[{"@type":"ReadAction","target":["https:\/\/veracflats.com\/about-us\/"]}]},{"@type":"ImageObject","inLanguage":"pt-PT","@id":"https:\/\/veracflats.com\/about-us\/#primaryimage","url":"https:\/\/veracflats.com\/wp-content\/uploads\/2020\/11\/AboutUs.jpg","contentUrl":"https:\/\/veracflats.com\/wp-content\/uploads\/2020\/11\/AboutUs.jpg","width":2732,"height":1100},{"@type":"BreadcrumbList","@id":"https:\/\/veracflats.com\/about-us\/#breadcrumb","itemListElement":[{"@type":"ListItem","position":1,"name":"Home","item":"https:\/\/veracflats.com\/"},{"@type":"ListItem","position":2,"name":"Sobre N\u00f3s"}]},{"@type":"WebSite","@id":"https:\/\/veracflats.com\/#website","url":"https:\/\/veracflats.com\/","name":"Verac Flats","description":"Business flats close to Brussels Airport","potentialAction":[{"@type":"SearchAction","target":{"@type":"EntryPoint","urlTemplate":"https:\/\/veracflats.com\/?s={search_term_string}"},"query-input":"required name=search_term_string"}],"inLanguage":"pt-PT"}]}},"_links":{"self":[{"href":"https:\/\/veracflats.com\/pt-pt\/wp-json\/wp\/v2\/pages\/1513"}],"collection":[{"href":"https:\/\/veracflats.com\/pt-pt\/wp-json\/wp\/v2\/pages"}],"about":[{"href":"https:\/\/veracflats.com\/pt-pt\/wp-json\/wp\/v2\/types\/page"}],"author":[{"embeddable":true,"href":"https:\/\/veracflats.com\/pt-pt\/wp-json\/wp\/v2\/users\/1"}],"replies":[{"embeddable":true,"href":"https:\/\/veracflats.com\/pt-pt\/wp-json\/wp\/v2\/comments?post=1513"}],"version-history":[{"count":1,"href":"https:\/\/veracflats.com\/pt-pt\/wp-json\/wp\/v2\/pages\/1513\/revisions"}],"predecessor-version":[{"id":1514,"href":"https:\/\/veracflats.com\/pt-pt\/wp-json\/wp\/v2\/pages\/1513\/revisions\/1514"}],"wp:featuredmedia":[{"embeddable":true,"href":"https:\/\/veracflats.com\/pt-pt\/wp-json\/wp\/v2\/media\/1438"}],"wp:attachment":[{"href":"https:\/\/veracflats.com\/pt-pt\/wp-json\/wp\/v2\/media?parent=1513"}],"curies":[{"name":"wp","href":"https:\/\/api.w.org\/{rel}","templated":true}]}}