{"id":932,"date":"2021-10-26T14:52:20","date_gmt":"2021-10-26T14:52:20","guid":{"rendered":"https:\/\/veracflats.com\/appartements-services\/"},"modified":"2026-01-30T11:54:01","modified_gmt":"2026-01-30T10:54:01","slug":"appartements-services","status":"publish","type":"page","link":"https:\/\/veracflats.com\/fr\/appartements-services\/","title":{"rendered":"Appartements &amp; Services"},"content":{"rendered":"","protected":false},"excerpt":{"rendered":"","protected":false},"author":1,"featured_media":768,"parent":0,"menu_order":0,"comment_status":"closed","ping_status":"closed","template":"template-services.php","meta":{"_acf_changed":false,"inline_featured_image":false,"footnotes":""},"acf":[],"yoast_head":"<!-- This site is optimized with the Yoast SEO plugin v23.3 - https:\/\/yoast.com\/wordpress\/plugins\/seo\/ -->\n<title>Business flats tout confort | Verac Flats<\/title>\n<meta name=\"description\" content=\"Votre port d&#039;attache pour un voyage d&#039;affaires r\u00e9ussi. D\u00e9couvrez nos appartements confortables, parfaitement entretenus et avec tout le confort moderne . R\u00e9servez en ligne ou contactez-nous.\" \/>\n<meta name=\"robots\" content=\"index, follow, max-snippet:-1, max-image-preview:large, max-video-preview:-1\" \/>\n<link rel=\"canonical\" href=\"https:\/\/veracflats.com\/flatsservices\/\" \/>\n<meta property=\"og:locale\" content=\"fr_FR\" \/>\n<meta property=\"og:type\" content=\"article\" \/>\n<meta property=\"og:title\" content=\"Business flats tout confort | Verac Flats\" \/>\n<meta property=\"og:description\" content=\"Votre port d&#039;attache pour un voyage d&#039;affaires r\u00e9ussi. D\u00e9couvrez nos appartements confortables, parfaitement entretenus et avec tout le confort moderne . R\u00e9servez en ligne ou contactez-nous.\" \/>\n<meta property=\"og:url\" content=\"https:\/\/veracflats.com\/flatsservices\/\" \/>\n<meta property=\"og:site_name\" content=\"Verac Flats\" \/>\n<meta property=\"article:modified_time\" content=\"2026-01-30T10:54:01+00:00\" \/>\n<meta property=\"og:image\" content=\"https:\/\/veracflats.be\/wp-content\/uploads\/2020\/10\/og_image-1.jpg\" \/>\n<meta name=\"twitter:card\" content=\"summary_large_image\" \/>\n<meta name=\"twitter:image\" content=\"https:\/\/veracflats.be\/wp-content\/uploads\/2020\/10\/twittercard_image-1.jpg\" \/>\n<script type=\"application\/ld+json\" class=\"yoast-schema-graph\">{\"@context\":\"https:\/\/schema.org\",\"@graph\":[{\"@type\":\"WebPage\",\"@id\":\"https:\/\/veracflats.com\/flatsservices\/\",\"url\":\"https:\/\/veracflats.com\/flatsservices\/\",\"name\":\"Business flats tout confort | Verac Flats\",\"isPartOf\":{\"@id\":\"https:\/\/veracflats.com\/#website\"},\"primaryImageOfPage\":{\"@id\":\"https:\/\/veracflats.com\/flatsservices\/#primaryimage\"},\"image\":{\"@id\":\"https:\/\/veracflats.com\/flatsservices\/#primaryimage\"},\"thumbnailUrl\":\"https:\/\/veracflats.com\/wp-content\/uploads\/2020\/11\/07-FlatServices.jpg\",\"datePublished\":\"2021-10-26T14:52:20+00:00\",\"dateModified\":\"2026-01-30T10:54:01+00:00\",\"description\":\"Votre port d'attache pour un voyage d'affaires r\u00e9ussi. D\u00e9couvrez nos appartements confortables, parfaitement entretenus et avec tout le confort moderne . R\u00e9servez en ligne ou contactez-nous.\",\"breadcrumb\":{\"@id\":\"https:\/\/veracflats.com\/flatsservices\/#breadcrumb\"},\"inLanguage\":\"fr-FR\",\"potentialAction\":[{\"@type\":\"ReadAction\",\"target\":[\"https:\/\/veracflats.com\/flatsservices\/\"]}]},{\"@type\":\"ImageObject\",\"inLanguage\":\"fr-FR\",\"@id\":\"https:\/\/veracflats.com\/flatsservices\/#primaryimage\",\"url\":\"https:\/\/veracflats.com\/wp-content\/uploads\/2020\/11\/07-FlatServices.jpg\",\"contentUrl\":\"https:\/\/veracflats.com\/wp-content\/uploads\/2020\/11\/07-FlatServices.jpg\",\"width\":2732,\"height\":1100},{\"@type\":\"BreadcrumbList\",\"@id\":\"https:\/\/veracflats.com\/flatsservices\/#breadcrumb\",\"itemListElement\":[{\"@type\":\"ListItem\",\"position\":1,\"name\":\"Home\",\"item\":\"https:\/\/veracflats.com\/\"},{\"@type\":\"ListItem\",\"position\":2,\"name\":\"Appartements &amp; Services\"}]},{\"@type\":\"WebSite\",\"@id\":\"https:\/\/veracflats.com\/#website\",\"url\":\"https:\/\/veracflats.com\/\",\"name\":\"Verac Flats\",\"description\":\"Business flats close to Brussels Airport\",\"potentialAction\":[{\"@type\":\"SearchAction\",\"target\":{\"@type\":\"EntryPoint\",\"urlTemplate\":\"https:\/\/veracflats.com\/?s={search_term_string}\"},\"query-input\":\"required name=search_term_string\"}],\"inLanguage\":\"fr-FR\"}]}<\/script>\n<!-- \/ Yoast SEO plugin. -->","yoast_head_json":{"title":"Business flats tout confort | Verac Flats","description":"Votre port d'attache pour un voyage d'affaires r\u00e9ussi. D\u00e9couvrez nos appartements confortables, parfaitement entretenus et avec tout le confort moderne . R\u00e9servez en ligne ou contactez-nous.","robots":{"index":"index","follow":"follow","max-snippet":"max-snippet:-1","max-image-preview":"max-image-preview:large","max-video-preview":"max-video-preview:-1"},"canonical":"https:\/\/veracflats.com\/flatsservices\/","og_locale":"fr_FR","og_type":"article","og_title":"Business flats tout confort | Verac Flats","og_description":"Votre port d'attache pour un voyage d'affaires r\u00e9ussi. D\u00e9couvrez nos appartements confortables, parfaitement entretenus et avec tout le confort moderne . R\u00e9servez en ligne ou contactez-nous.","og_url":"https:\/\/veracflats.com\/flatsservices\/","og_site_name":"Verac Flats","article_modified_time":"2026-01-30T10:54:01+00:00","og_image":[{"url":"https:\/\/veracflats.be\/wp-content\/uploads\/2020\/10\/og_image-1.jpg"}],"twitter_card":"summary_large_image","twitter_image":"https:\/\/veracflats.be\/wp-content\/uploads\/2020\/10\/twittercard_image-1.jpg","schema":{"@context":"https:\/\/schema.org","@graph":[{"@type":"WebPage","@id":"https:\/\/veracflats.com\/flatsservices\/","url":"https:\/\/veracflats.com\/flatsservices\/","name":"Business flats tout confort | Verac Flats","isPartOf":{"@id":"https:\/\/veracflats.com\/#website"},"primaryImageOfPage":{"@id":"https:\/\/veracflats.com\/flatsservices\/#primaryimage"},"image":{"@id":"https:\/\/veracflats.com\/flatsservices\/#primaryimage"},"thumbnailUrl":"https:\/\/veracflats.com\/wp-content\/uploads\/2020\/11\/07-FlatServices.jpg","datePublished":"2021-10-26T14:52:20+00:00","dateModified":"2026-01-30T10:54:01+00:00","description":"Votre port d'attache pour un voyage d'affaires r\u00e9ussi. D\u00e9couvrez nos appartements confortables, parfaitement entretenus et avec tout le confort moderne . R\u00e9servez en ligne ou contactez-nous.","breadcrumb":{"@id":"https:\/\/veracflats.com\/flatsservices\/#breadcrumb"},"inLanguage":"fr-FR","potentialAction":[{"@type":"ReadAction","target":["https:\/\/veracflats.com\/flatsservices\/"]}]},{"@type":"ImageObject","inLanguage":"fr-FR","@id":"https:\/\/veracflats.com\/flatsservices\/#primaryimage","url":"https:\/\/veracflats.com\/wp-content\/uploads\/2020\/11\/07-FlatServices.jpg","contentUrl":"https:\/\/veracflats.com\/wp-content\/uploads\/2020\/11\/07-FlatServices.jpg","width":2732,"height":1100},{"@type":"BreadcrumbList","@id":"https:\/\/veracflats.com\/flatsservices\/#breadcrumb","itemListElement":[{"@type":"ListItem","position":1,"name":"Home","item":"https:\/\/veracflats.com\/"},{"@type":"ListItem","position":2,"name":"Appartements &amp; Services"}]},{"@type":"WebSite","@id":"https:\/\/veracflats.com\/#website","url":"https:\/\/veracflats.com\/","name":"Verac Flats","description":"Business flats close to Brussels Airport","potentialAction":[{"@type":"SearchAction","target":{"@type":"EntryPoint","urlTemplate":"https:\/\/veracflats.com\/?s={search_term_string}"},"query-input":"required name=search_term_string"}],"inLanguage":"fr-FR"}]}},"_links":{"self":[{"href":"https:\/\/veracflats.com\/fr\/wp-json\/wp\/v2\/pages\/932"}],"collection":[{"href":"https:\/\/veracflats.com\/fr\/wp-json\/wp\/v2\/pages"}],"about":[{"href":"https:\/\/veracflats.com\/fr\/wp-json\/wp\/v2\/types\/page"}],"author":[{"embeddable":true,"href":"https:\/\/veracflats.com\/fr\/wp-json\/wp\/v2\/users\/1"}],"replies":[{"embeddable":true,"href":"https:\/\/veracflats.com\/fr\/wp-json\/wp\/v2\/comments?post=932"}],"version-history":[{"count":2,"href":"https:\/\/veracflats.com\/fr\/wp-json\/wp\/v2\/pages\/932\/revisions"}],"predecessor-version":[{"id":1322,"href":"https:\/\/veracflats.com\/fr\/wp-json\/wp\/v2\/pages\/932\/revisions\/1322"}],"wp:featuredmedia":[{"embeddable":true,"href":"https:\/\/veracflats.com\/fr\/wp-json\/wp\/v2\/media\/768"}],"wp:attachment":[{"href":"https:\/\/veracflats.com\/fr\/wp-json\/wp\/v2\/media?parent=932"}],"curies":[{"name":"wp","href":"https:\/\/api.w.org\/{rel}","templated":true}]}}